{"id":791,"date":"2018-08-29T17:19:11","date_gmt":"2018-08-29T20:19:11","guid":{"rendered":"https:\/\/isfdyt124-bue.infd.edu.ar\/sitio\/consejo-academico\/"},"modified":"2021-05-26T23:31:11","modified_gmt":"2021-05-27T02:31:11","slug":"consejo-academico","status":"publish","type":"page","link":"https:\/\/isfdyt124-bue.infd.edu.ar\/sitio\/consejo-academico\/","title":{"rendered":"Consejo Acad\u00e9mico"},"content":{"rendered":"<p>&nbsp;<\/p>\n<p style=\"text-align: center;\"><strong><span style=\"font-size: 12pt;\">Integrantes<\/span><\/strong><\/p>\n<table style=\"height: 490px;\" border=\"0\" width=\"816\" align=\"center\">\n<tbody>\n<tr>\n<td style=\"text-align: center;\">DOCENTES<\/td>\n<td style=\"text-align: center;\"><\/td>\n<td style=\"text-align: center;\">ESTUDIANTES<\/td>\n<\/tr>\n<tr>\n<td>\n<p style=\"text-align: center;\">Bertolacci, Vanina\u00a0(2018-2020)<\/p>\n<\/td>\n<td><\/td>\n<td>\n<p style=\"text-align: center;\">Sol\u00e9, Trinidad (2018-2020)<\/p>\n<\/td>\n<\/tr>\n<tr>\n<td>\n<p style=\"text-align: center;\">R\u00edos, Valeria\u00a0(2018-2020)<\/p>\n<\/td>\n<td><\/td>\n<td>\n<p style=\"text-align: center;\">Arena, Emilia (2019-2021)<\/p>\n<\/td>\n<\/tr>\n<tr>\n<td>\n<p style=\"text-align: center;\">Plasencia, Ana Laura (2019-2021)<\/p>\n<\/td>\n<td><\/td>\n<td>\n<p style=\"text-align: center;\">Mendoza, Neri\u00a0(2019-2021)<\/p>\n<\/td>\n<\/tr>\n<tr>\n<td style=\"text-align: center;\">Debernardi, Diana (2019-2021)<\/td>\n<td><\/td>\n<td>\n<p style=\"text-align: center;\">Ayul, CLaudia (2019-2021)<\/p>\n<\/td>\n<\/tr>\n<tr>\n<td style=\"text-align: center;\">\u00a0Casi, Leticia (2019-2021)<\/td>\n<td style=\"text-align: center;\"><\/td>\n<td style=\"text-align: center;\">Alanis, Luciana\u00a0(2019-2021)<\/td>\n<\/tr>\n<tr>\n<td><\/td>\n<td><\/td>\n<td><\/td>\n<\/tr>\n<tr>\n<td><\/td>\n<td><\/td>\n<td><\/td>\n<\/tr>\n<tr>\n<td><\/td>\n<td><\/td>\n<td><\/td>\n<\/tr>\n<\/tbody>\n<\/table>\n<p>&nbsp;<\/p>\n<h3><span style=\"font-size: 10pt;\">Son funciones del CAI <\/span><\/h3>\n<p><span style=\"font-size: 10pt;\">Intervenir en cuestiones vinculadas a la organizaci\u00f3n institucional, presupuestaria \u2013tratamiento de planta org\u00e1nico-funcional- gesti\u00f3n curricular, proyectos de articulaci\u00f3n, extensi\u00f3n e investigaci\u00f3n, concursos docentes, convivencia y trayectorias estudiantiles.<\/span><\/p>\n<p><span style=\"font-size: 10pt;\">El accionar del Consejo Acad\u00e9mico Institucional, deber\u00e1 ajustarse al marco normativo vigente.<\/span><\/p>\n<p><span style=\"font-size: 10pt;\">Ser\u00e1 responsabilidad del Consejo Acad\u00e9mico Institucional:<\/span><\/p>\n<p><span style=\"font-size: 10pt;\"><strong>1<\/strong>. La elaboraci\u00f3n y evaluaci\u00f3n permanente del Proyecto Pol\u00edtico Pedag\u00f3gico de la Instituci\u00f3n, en sus dimensiones:<\/span><\/p>\n<p><span style=\"font-size: 10pt;\"><strong>Organizacional:<\/strong><\/span><\/p>\n<p><span style=\"font-size: 10pt;\">&#8211;\u00a0\u00a0\u00a0\u00a0\u00a0\u00a0\u00a0\u00a0\u00a0 La elaboraci\u00f3n y la elevaci\u00f3n ante los Consejos Regionales de la oferta institucional de carreras y consecuente Planta Org\u00e1nico Funcional.<\/span><\/p>\n<p><span style=\"font-size: 10pt;\">&#8211;\u00a0\u00a0\u00a0\u00a0\u00a0\u00a0\u00a0\u00a0\u00a0 la elaboraci\u00f3n o modificaci\u00f3n del R\u00e9gimen de Convivencia Institucional<\/span><\/p>\n<p><span style=\"font-size: 10pt;\">&#8211;\u00a0\u00a0\u00a0\u00a0\u00a0\u00a0\u00a0\u00a0\u00a0 la definici\u00f3n del R\u00e9gimen Acad\u00e9mico Marco, seg\u00fan las caracter\u00edsticas institucionales y regionales<\/span><\/p>\n<p><span style=\"font-size: 10pt;\">&#8211;\u00a0\u00a0\u00a0\u00a0\u00a0\u00a0\u00a0\u00a0\u00a0 la elaboraci\u00f3n, debate y aprobaci\u00f3n de propuestas que conlleven a una mejor organizaci\u00f3n de tiempos, espacios y agrupamientos institucionales<\/span><\/p>\n<p><span style=\"font-size: 10pt;\"><strong>Curricular:<\/strong><\/span><\/p>\n<p><span style=\"font-size: 10pt;\">&#8211;\u00a0\u00a0\u00a0\u00a0\u00a0\u00a0\u00a0\u00a0\u00a0 el ajuste y seguimiento din\u00e1mico del Plan de Evaluaci\u00f3n de los Aprendizajes, seg\u00fan los acuerdos establecidos en el Consejo Regional, en el marco de la normativa vigente.<\/span><\/p>\n<p><span style=\"font-size: 10pt;\">&#8211;\u00a0\u00a0\u00a0\u00a0\u00a0\u00a0\u00a0\u00a0\u00a0 la elaboraci\u00f3n, debate y propuesta de l\u00edneas y acciones de extensi\u00f3n e investigaci\u00f3n, con aval de la Direcci\u00f3n de Educaci\u00f3n Superior<\/span><\/p>\n<p><span style=\"font-size: 10pt;\">&#8211;\u00a0\u00a0\u00a0\u00a0\u00a0\u00a0\u00a0\u00a0\u00a0 la presentaci\u00f3n de propuestas institucionales de formaci\u00f3n docente continua para\u00a0 docentes a trav\u00e9s de distintas modalidades \u2013 seminarios, talleres, ateneos, cine-debate, entre otras.<\/span><\/p>\n<p><span style=\"font-size: 10pt;\">&#8211;\u00a0\u00a0\u00a0\u00a0\u00a0\u00a0\u00a0\u00a0\u00a0 la elaboraci\u00f3n, debate y aprobaci\u00f3n de propuestas de decisi\u00f3n institucional sobre gesti\u00f3n curricular, en concordancia con las definiciones de los dise\u00f1os vigentes.<\/span><\/p>\n<p><span style=\"font-size: 10pt;\"><strong>Trayectorias Estudiantiles:<\/strong><\/span><\/p>\n<p><span style=\"font-size: 10pt;\">&#8211;\u00a0\u00a0\u00a0\u00a0\u00a0\u00a0\u00a0\u00a0\u00a0 el sistema de reconocimiento de trayectorias estudiantiles, estableciendo un sistema de cr\u00e9ditos que ameriten la participaci\u00f3n en programas de extensi\u00f3n e investigaci\u00f3n, participaci\u00f3n en seminarios y otros, en el marco de las normativas vigentes.<\/span><\/p>\n<p><span style=\"font-size: 10pt;\">&#8211;\u00a0\u00a0\u00a0\u00a0\u00a0\u00a0\u00a0\u00a0\u00a0 las acciones de acompa\u00f1amiento a los aspirantes a ingreso y estudiantes de primer a\u00f1o, con el prop\u00f3sito de posicionar al estudiante en el Nivel de Educaci\u00f3n Superior como sujeto pol\u00edtico y pedag\u00f3gico.<\/span><\/p>\n<p>&nbsp;<\/p>\n<p>&nbsp;<\/p>\n<p>&nbsp;<\/p>\n<p><iframe loading=\"lazy\" id=\"iframe_container\" style=\"display: block; margin-left: auto; margin-right: auto;\" src=\"https:\/\/prezi.com\/embed\/jxhfkgfvgg49\/?bgcolor=ffffff&amp;lock_to_path=0&amp;autoplay=0&amp;autohide_ctrls=0&amp;landing_data=bHVZZmNaNDBIWnNjdEVENDRhZDFNZGNIUE43MHdLNWpsdFJLb2ZHanI0MjRaQmFWYlFwcUVrUCtBb2ZwbkpZWGdBPT0&amp;landing_sign=EXMr7q4rCFGTkC1nUXSIbWo7o4qAQbUpVXAGCtzoG50\" width=\"550\" height=\"400\" frameborder=\"0\" allowfullscreen=\"allowfullscreen\"><\/iframe><\/p>\n<p>&nbsp;<\/p>\n<p style=\"text-align: center;\">\n","protected":false},"excerpt":{"rendered":"<p>&nbsp; Integrantes DOCENTES ESTUDIANTES Bertolacci, Vanina\u00a0(2018-2020) Sol\u00e9, Trinidad (2018-2020) R\u00edos, Valeria\u00a0(2018-2020) Arena, Emilia (2019-2021) Plasencia, Ana Laura (2019-2021) Mendoza, Neri\u00a0(2019-2021) Debernardi, Diana (2019-2021) Ayul, CLaudia (2019-2021) \u00a0Casi, Leticia (2019-2021) Alanis, Luciana\u00a0(2019-2021) &nbsp; Son funciones del CAI Intervenir en cuestiones vinculadas a la organizaci\u00f3n institucional, presupuestaria \u2013tratamiento de planta org\u00e1nico-funcional- gesti\u00f3n curricular, proyectos de articulaci\u00f3n, extensi\u00f3n &#8230; <a title=\"Consejo Acad\u00e9mico\" class=\"read-more\" href=\"https:\/\/isfdyt124-bue.infd.edu.ar\/sitio\/consejo-academico\/\" aria-label=\"More on Consejo Acad\u00e9mico\">[+]<\/a><\/p>\n","protected":false},"author":14,"featured_media":0,"parent":0,"menu_order":0,"comment_status":"closed","ping_status":"closed","template":"","meta":[],"acf":[],"_links":{"self":[{"href":"https:\/\/isfdyt124-bue.infd.edu.ar\/sitio\/wp-json\/wp\/v2\/pages\/791"}],"collection":[{"href":"https:\/\/isfdyt124-bue.infd.edu.ar\/sitio\/wp-json\/wp\/v2\/pages"}],"about":[{"href":"https:\/\/isfdyt124-bue.infd.edu.ar\/sitio\/wp-json\/wp\/v2\/types\/page"}],"author":[{"embeddable":true,"href":"https:\/\/isfdyt124-bue.infd.edu.ar\/sitio\/wp-json\/wp\/v2\/users\/14"}],"replies":[{"embeddable":true,"href":"https:\/\/isfdyt124-bue.infd.edu.ar\/sitio\/wp-json\/wp\/v2\/comments?post=791"}],"version-history":[{"count":8,"href":"https:\/\/isfdyt124-bue.infd.edu.ar\/sitio\/wp-json\/wp\/v2\/pages\/791\/revisions"}],"predecessor-version":[{"id":1253,"href":"https:\/\/isfdyt124-bue.infd.edu.ar\/sitio\/wp-json\/wp\/v2\/pages\/791\/revisions\/1253"}],"wp:attachment":[{"href":"https:\/\/isfdyt124-bue.infd.edu.ar\/sitio\/wp-json\/wp\/v2\/media?parent=791"}],"curies":[{"name":"wp","href":"https:\/\/api.w.org\/{rel}","templated":true}]}}