{"id":782,"date":"2018-08-29T17:19:08","date_gmt":"2018-08-29T20:19:08","guid":{"rendered":"https:\/\/isfdyt124-bue.infd.edu.ar\/sitio\/ubicacion\/"},"modified":"2019-11-08T20:12:53","modified_gmt":"2019-11-08T23:12:53","slug":"ubicacion","status":"publish","type":"page","link":"https:\/\/isfdyt124-bue.infd.edu.ar\/sitio\/ubicacion\/","title":{"rendered":"Ubicaci\u00f3n"},"content":{"rendered":"<p><span style=\"font-size: 13.3333px;\">Estamos ubicados en\u00a0<\/span><strong>Calle 42 e 13 y 14 &#8211; Col\u00f3n &#8211; Bs. As.<\/strong><\/p>\n<p>Busc\u00e1 nuestra ubicaci\u00f3n en Google Maps<\/p>\n<p><iframe loading=\"lazy\" style=\"border: 0;\" src=\"https:\/\/www.google.com\/maps\/embed?pb=!1m18!1m12!1m3!1d3311.8511754944993!2d-61.112657685220746!3d-33.89348652777104!2m3!1f0!2f0!3f0!3m2!1i1024!2i768!4f13.1!3m3!1m2!1s0x95b81045e87ff4bb%3A0xc6826b6f8c27f005!2sEscuela%20Normal%20Superior%20%22Dr.%20Juan%20Bautista%20Marenzi%22!5e0!3m2!1ses!2sar!4v1573254675503!5m2!1ses!2sar\" width=\"600\" height=\"450\" frameborder=\"0\" allowfullscreen=\"allowfullscreen\"><\/iframe><\/p>\n<p><span style=\"font-size: 10pt;\">\u00a0<\/span><\/p>\n<p>&nbsp;<\/p>\n<p style=\"text-align: center;\">\n<p>&nbsp;<\/p>\n<p>&nbsp;<\/p>\n<p><span style=\"font-size: 10pt;\">\u00a0<\/span><\/p>\n","protected":false},"excerpt":{"rendered":"<p>Estamos ubicados en\u00a0Calle 42 e 13 y 14 &#8211; Col\u00f3n &#8211; Bs. As. Busc\u00e1 nuestra ubicaci\u00f3n en Google Maps \u00a0 &nbsp; &nbsp; &nbsp; \u00a0<\/p>\n","protected":false},"author":14,"featured_media":0,"parent":0,"menu_order":0,"comment_status":"closed","ping_status":"closed","template":"","meta":[],"acf":[],"_links":{"self":[{"href":"https:\/\/isfdyt124-bue.infd.edu.ar\/sitio\/wp-json\/wp\/v2\/pages\/782"}],"collection":[{"href":"https:\/\/isfdyt124-bue.infd.edu.ar\/sitio\/wp-json\/wp\/v2\/pages"}],"about":[{"href":"https:\/\/isfdyt124-bue.infd.edu.ar\/sitio\/wp-json\/wp\/v2\/types\/page"}],"author":[{"embeddable":true,"href":"https:\/\/isfdyt124-bue.infd.edu.ar\/sitio\/wp-json\/wp\/v2\/users\/14"}],"replies":[{"embeddable":true,"href":"https:\/\/isfdyt124-bue.infd.edu.ar\/sitio\/wp-json\/wp\/v2\/comments?post=782"}],"version-history":[{"count":3,"href":"https:\/\/isfdyt124-bue.infd.edu.ar\/sitio\/wp-json\/wp\/v2\/pages\/782\/revisions"}],"predecessor-version":[{"id":915,"href":"https:\/\/isfdyt124-bue.infd.edu.ar\/sitio\/wp-json\/wp\/v2\/pages\/782\/revisions\/915"}],"wp:attachment":[{"href":"https:\/\/isfdyt124-bue.infd.edu.ar\/sitio\/wp-json\/wp\/v2\/media?parent=782"}],"curies":[{"name":"wp","href":"https:\/\/api.w.org\/{rel}","templated":true}]}}